{"id":18,"date":"2014-12-09T13:54:56","date_gmt":"2014-12-09T12:54:56","guid":{"rendered":"https:\/\/futour.it\/spagnolo\/?page_id=18"},"modified":"2016-07-19T12:42:30","modified_gmt":"2016-07-19T10:42:30","slug":"co-clientes","status":"publish","type":"page","link":"https:\/\/futour.it\/spagnolo\/co-clientes\/","title":{"rendered":"co Clientes"},"content":{"rendered":"<p><strong>Organizaciones p\u00fablicas y privadas junto a las que el equipo de FUTOUR ha estado co-creando, innovando y trabajando en 31 paises del mundo<\/strong><\/p>\n<p>&nbsp;<\/p>\n<table border=\"0\" width=\"652\" cellspacing=\"0\" cellpadding=\"0\">\n<tbody>\n<tr>\n<td valign=\"top\" width=\"217\">\n<p align=\"left\"><span style=\"color: #ff0000;\"><strong>Empresas y consultoras<\/strong><\/span><\/p>\n<p>&nbsp;<\/td>\n<td valign=\"top\" width=\"217\"><span style=\"color: #ff0000;\"><strong>Entidades p\u00fablicas y Universidades<\/strong><\/span><\/td>\n<td valign=\"top\" width=\"217\">\n<p align=\"left\"><span style=\"color: #ff0000;\"><strong>Centros de investigaci\u00f3n, innovaci\u00f3n y desarrollo y asociaciones<\/strong><\/span><\/p>\n<\/td>\n<\/tr>\n<\/tbody>\n<\/table>\n<table border=\"0\" width=\"652\" cellspacing=\"0\" cellpadding=\"0\">\n<tbody>\n<tr>\n<td valign=\"top\" width=\"217\">Nokia Foundation (Finlandia)<\/p>\n<p>Orange Labs Research (Francia)<\/p>\n<p>Hewlett-Packard Enterprise HPE (Italia)<\/p>\n<p>Rolls-Royce\u00a0plc (UK) Marine (Finlandia)<\/p>\n<p>Royal Mail (Reino Unido)<\/p>\n<p>Atos Research and Innovation\u00a0(Madrid, ES)<\/p>\n<p>COMAU- FIAT Group (Tur\u00edn, Italia)<\/p>\n<p>Leroy Merlin Italia (Mil\u00e1n, Italia)<\/p>\n<p>Tommy Hilfiger (Eindoven, Holanda).<\/p>\n<p>Rousselot &#8211; Darling Ingredients (Ghent, Belgica)<\/p>\n<p>Movistar Innova \u2013 Santiago de Chile, Chile<\/p>\n<p align=\"left\">Poste Italiane (Sociedad italiana l\u00edder del servicio postal, Roma)<\/p>\n<p>Ferrovie dello Stato (Sociedad de ferrocarriles italianos, Roma)<\/p>\n<p>SDA Express Courier (Mil\u00e1n, Italia)<\/p>\n<p>Italia Logistica (Roma, Italia)<\/p>\n<p>Barilla G. e R. Fratelli S.p.A. (Parma, Italy)<\/p>\n<p>Polish Telecom (Varsovia, Polonia)<\/p>\n<p>European Design Centre (Eindoven, Holanda).<\/p>\n<p>Chevron (USA) in\u00a0Kutubu (Nueva Guinea)<\/p>\n<p>Mobil (USA) en Port Harcourt (Nigeria)<\/p>\n<p>Gruppo ENI Enichem, AGIP, Saipem. Praoil (Mil\u00e1n, Italia)<\/p>\n<p>Bouygues Offshore SA (Paris, Francia)<\/p>\n<p>ABB SAE SADELMI (Mil\u00e1n, Italia)<\/p>\n<p>API Anonima Petroli Italiana Spa. Rome, Italia<\/p>\n<p>PEDEVESA \u2013 COBSA. Maracaibo, Venezuela<\/p>\n<p align=\"left\">\u00a0Innovation Ecology (Israel)<\/p>\n<p>Educore (Holanda)<\/p>\n<p>European Multimedia Forum (Bruselas)<\/p>\n<p>Innovatika (Polonia)<\/p>\n<p>IC Community AB (Suecia)<\/p>\n<p>European Multimedia Forum (Bruselas)<\/p>\n<p>Inmark Estudios y Estrategias (Madrid)<\/p>\n<p>Cast Consulting (Mil\u00e1n, Italia)<\/p>\n<p>Galgano (Roma)<\/p>\n<p>Wikipedia Italia<\/p>\n<p>Innova (Sociedad de Innovaci\u00f3n y Transferencia Tecnol\u00f3gica, Roma)<\/p>\n<p>CO&amp;SO Empoli (Consorcio en pro de la cooperaci\u00f3n y la solidaridad, Florencia, Italia)<\/p>\n<p>Ambiente Italia (Mil\u00e1n, Pisa, Italia)<\/p>\n<p>Research srl (construcciones mar\u00edtimas y oceanograf\u00eda, N\u00e1poles, Italia)<\/p>\n<p>IRES Toscana (Instituto de investigaci\u00f3n econ\u00f3mica y social, Florencia, Italia)<\/p>\n<p>Caja da ahorro de Florencia, Italia<\/p>\n<p>Osservatorio Mestieri dell\u2019Arte (observatorio de oficios art\u00edsticos, Italia)<\/p>\n<p>Forum PA (Foro sobre la Administraci\u00f3n P\u00fablica) \u2013 Instituto Mides (Italia)<\/p>\n<p>Fundaci\u00f3n CENSIS (Instituto de Investigaci\u00f3n sobre temas sociales y econ\u00f3micos, Roma)<\/p>\n<p>Fondazione di Firenze per l\u2019artigianato artistico (Fundaci\u00f3n en pro del artesanado art\u00edstico, Florencia, Italia)<\/p>\n<p>Parque industrial Sambuca, Municipio de Tavarnelle Val di Pesa (Florencia, Italia)<\/p>\n<p>Consorcio \u201c100% Italiano\u201d (Marroquiner\u00eda, Florencia, Italia)<\/p>\n<p>Ricerca e Cooperazione (Organizaci\u00f3n sin \u00e1nimo de lucro de cooperaci\u00f3n al desarrollo, Roma).<\/p>\n<p>Escuela de formaci\u00f3n ambiental Castalia (IRI), Italia.<\/p>\n<p>Lunaria (Roma).<\/p>\n<p>Barcelona Design Centre (Barcelona, Espa\u00f1a).<\/p>\n<p>Hippopotamos Bildungsberatur (Viena, Austria).<\/p>\n<p>Dialogic (Delft, Holanda).<\/p>\n<p>Besel (Valladolid, Espa\u00f1a).<\/p>\n<p>Samurajdata, Karlskrona (Suecia).<\/td>\n<td valign=\"top\" width=\"217\">FAO &#8211;\u00a0Organizaci\u00f3n de las Naciones Unidas para la Alimentaci\u00f3n y la Agricultura (Roma, Italia)<\/p>\n<p>Comisi\u00f3n Europea ( DG Empresas, DG Investigaci\u00f3n, DG Sanco, DG Regio, DG Infso)<\/p>\n<p>Consejo de las Regiones de Europa\u00a0(Bruselas, B\u00e9lgica)<\/p>\n<p>CMRE Consejo de Municipios y Regiones de Europa (Bruselas, B\u00e9lgica)<\/p>\n<p>Consejo de Europa<\/p>\n<p>CNIPA Consiglio Nazionale Informatica nella Pubblica Amministrazione (consejo nacional sobre la inform\u00e1tica en la administraci\u00f3n p\u00fablica, Italia)<\/p>\n<p>Junta regional de Toscana, Italia<\/p>\n<p>Junta regional de Emilia-Romagna, Italia<\/p>\n<p>Junta regional de Puglia, Italia<\/p>\n<p>Junta regional de Sicilia, Italia<\/p>\n<p>Junta provincial de Bologna, Italia<\/p>\n<p>Junta provincial de Catania, Italia<\/p>\n<p>Junta provincial de Crotone, Italia<\/p>\n<p>Junta provincial de Agrigento, Italia<\/p>\n<p>Junta provincial de Florencia, Italia<\/p>\n<p>Junta provincial de Lucca, Italia<\/p>\n<p>Junta provincial de Macerata, Italia<\/p>\n<p>Junta provincial de N\u00e1poles, Italia<\/p>\n<p>Junta provincial de Prato, Italia<\/p>\n<p>Junta provincial de Pistoia, Italia<\/p>\n<p>Administraci\u00f3n Regional de Lublin (Polonia).<\/p>\n<p>Contado de Klaipeda (Lituania)<\/p>\n<p>Junta provincial de Granada<\/p>\n<p>Mancomunidad de Municipios de Monta\u00f1a de Mugello (Florencia, Italia)<\/p>\n<p>Municipio de Roma<\/p>\n<p>Municipio de Oriolo Romano (Roma).<\/p>\n<p>Municipio de Sesto S. Giovanni (Mil\u00e1n, Italia).<\/p>\n<p>Municipio de Peccioli (Pisa, Italia).<\/p>\n<p>Municipio de Pomigliano d\u2019Arco (N\u00e1poles, Italia).<\/p>\n<p>Municipio de Empoli (Florencia, Italia).<\/p>\n<p>Municipio de Bolzano (Italia).<\/p>\n<p>Municipio de Bagno a Ripoli (Florencia, Italia).<\/p>\n<p>Escuela Superior de Estudios Universitarios S. Anna (Pisa, Italia)<\/p>\n<p>Oxford Polytechnic (Oxford Brookes University).<\/p>\n<p>Universidad de Pisa (Italia)<\/p>\n<p>Universidad de Florencia (Italia)<\/p>\n<p>Universidad de la regi\u00f3n Calabria (Italia)<\/p>\n<p>ISIA, Instituto Superior Industrias Art\u00edsticas (Florencia, Italia)<\/p>\n<p>Lund University (Lund, Suecia).<\/p>\n<p>New Economy Institute (Vilnius, Lituania).<\/p>\n<p>Universidad Polit\u00e9cnica de Catalu\u00f1a UPC (Barcelona, Espa\u00f1a).<\/p>\n<p>Aristoteles Universtity \u2013 Urenio (Sal\u00f3nica, Grecia)<\/p>\n<p>Luzern University of Applied Sciences and Arts (Lucerna, Suiza).<\/p>\n<p align=\"left\">Henley Management College (Reino Unido)<\/p>\n<p align=\"left\">\n<\/td>\n<td valign=\"top\" width=\"217\">\n<p align=\"left\">ESA, European Space Agency<\/p>\n<p>IPI Instituto de Promoci\u00f3n Industrial (Roma, Italia)<\/p>\n<p>ENEA (Bologna y Roma, Italia)<\/p>\n<p>CNR IFAC, INOA Optoelectr\u00f3nica, (Florencia, Italia)<\/p>\n<p>CNR IRMA, Oceanograf\u00eda (Mazara del Vallo, Italia)<\/p>\n<p>European Network of Living Labs (Bruselas, B\u00e9lgica)<\/p>\n<p>Fundaci\u00f3n Labein \u2013 Agencia por la innovaci\u00f3n en el Pa\u00eds Vasco (Bilbao)<\/p>\n<p>ADRSE Agentia pentru Dezvoltare Regionala (Agencia de desarrollo regional del Sudeste de Ruman\u00eda, Braila)<\/p>\n<p>ASL 11 de Empoli (Centro de Salud, Florencia, Italia)<\/p>\n<p>Unioncamere Toscana (Uni\u00f3n Italiana de C\u00e1maras de Comercio, Florencia, Italia).<\/p>\n<p>Unioncamere Sicilia (Uni\u00f3n Italiana de C\u00e1maras de Comercio, Palermo, Italia).<\/p>\n<p>C\u00e1maras de Comercio de Florencia, Prato, Pistoia, Lucca, Arezzo, Livorno, Massa-Carrara, Grosseto, Pisa, Macerata (Italia).<\/p>\n<p>Promofirenze (Empresa de promoci\u00f3n de la C\u00e1mara de Comercio, Industria, Agricultura y Artesanado de Florencia, Italia).<\/p>\n<p>Firenze Tecnologia \/ Tinnova (Empresa de la C\u00e1mara de Comercio, Industria, Agricultura y Artesanado de Florencia, Italia).<\/p>\n<p>Confindustria Toscana (Confederaci\u00f3n de organizaciones empresariales, Florencia, Italia)<\/p>\n<p>ANCI (Asociaci\u00f3n de municipios italianos)<\/p>\n<p>CNA (Confederaci\u00f3n italiana del artesanado, Italia)<\/p>\n<p>CGIL (sindicato italiano) &#8211; Pistoia y Florencia (Italia).<\/p>\n<p>Unione Industriale Pisana (asociaci\u00f3n de las industrias de Pisa, Italia)<\/p>\n<p>Etruria Innovazione (Siena, Italia)<\/p>\n<p>APDSI (Asociaci\u00f3n de Promoci\u00f3n y Desarrollo de la Sociedad de la Informaci\u00f3n, Lisboa, Portugal)<\/p>\n<p>CKIR Center for Knowledge and Innovation Research (tanque de pensamiento sobre Innovaci\u00f3n de la Escuela de Ciencias Econ\u00f3micas de Helsinki, Finlandia).<\/p>\n<p>Rinascita e Sviluppo (Agencia de desarrollo local de la Provincia de Macerata, Italia).<\/p>\n<p align=\"left\">IDIS \u2013 Citt\u00e0 della Scienza (Fundaci\u00f3n sin \u00e1nimo de lucro de N\u00e1poles, Italia).<\/p>\n<p align=\"left\">\n<\/td>\n<\/tr>\n<\/tbody>\n<\/table>\n","protected":false},"excerpt":{"rendered":"<p>Organizaciones p\u00fablicas y privadas junto a las que el equipo de FUTOUR ha estado co-creando, innovando y trabajando en 31 paises del mundo &nbsp; Empresas&#8230;<\/p>\n","protected":false},"author":1,"featured_media":0,"parent":0,"menu_order":0,"comment_status":"closed","ping_status":"closed","template":"","meta":{"_monsterinsights_skip_tracking":false,"_monsterinsights_sitenote_active":false,"_monsterinsights_sitenote_note":"","_monsterinsights_sitenote_category":0,"footnotes":""},"class_list":["post-18","page","type-page","status-publish","hentry"],"_links":{"self":[{"href":"https:\/\/futour.it\/spagnolo\/wp-json\/wp\/v2\/pages\/18","targetHints":{"allow":["GET"]}}],"collection":[{"href":"https:\/\/futour.it\/spagnolo\/wp-json\/wp\/v2\/pages"}],"about":[{"href":"https:\/\/futour.it\/spagnolo\/wp-json\/wp\/v2\/types\/page"}],"author":[{"embeddable":true,"href":"https:\/\/futour.it\/spagnolo\/wp-json\/wp\/v2\/users\/1"}],"replies":[{"embeddable":true,"href":"https:\/\/futour.it\/spagnolo\/wp-json\/wp\/v2\/comments?post=18"}],"version-history":[{"count":7,"href":"https:\/\/futour.it\/spagnolo\/wp-json\/wp\/v2\/pages\/18\/revisions"}],"predecessor-version":[{"id":183,"href":"https:\/\/futour.it\/spagnolo\/wp-json\/wp\/v2\/pages\/18\/revisions\/183"}],"wp:attachment":[{"href":"https:\/\/futour.it\/spagnolo\/wp-json\/wp\/v2\/media?parent=18"}],"curies":[{"name":"wp","href":"https:\/\/api.w.org\/{rel}","templated":true}]}}