{"id":16,"date":"2014-12-09T13:54:40","date_gmt":"2014-12-09T12:54:40","guid":{"rendered":"https:\/\/futour.it\/spagnolo\/?page_id=16"},"modified":"2026-03-13T17:17:38","modified_gmt":"2026-03-13T16:17:38","slug":"el-equipo","status":"publish","type":"page","link":"https:\/\/futour.it\/spagnolo\/el-equipo\/","title":{"rendered":"Pilotos y tripulantes"},"content":{"rendered":"<p><a href=\"https:\/\/futour.it\/futour\/wp-content\/uploads\/2009\/01\/staff.png\"><img loading=\"lazy\" decoding=\"async\" class=\"wp-image-703 alignleft\" src=\"https:\/\/futour.it\/futour\/wp-content\/uploads\/2009\/01\/staff-272x300.png\" alt=\"staff\" width=\"172\" height=\"162\" \/><\/a><\/p>\n<p><em>Los expertos del equipo de <strong>FUTOUR<\/strong>\u00a0pueden presumir de una experiencia de m\u00e1s de veinte a\u00f1os en el dise\u00f1o participativo y el estudio y divulgaci\u00f3n de t\u00e9cnicas de facilitaci\u00f3n y creatividad para la resoluci\u00f3n de problemas. El Equipo adopta la met\u00e1fora de la Comedia del arte y del Circo al estar sus integrantes desempe\u00f1ando papeles diferentes seg\u00fan los diferentes entornos y contextos en que obran. El equipo de\u00a0<strong>FUTOUR<\/strong>\u00a0integra a colaboradores expertos en la improvisaci\u00f3n que tienen cargos que juntan el arte de la facilitaci\u00f3n con la investigaci\u00f3n cient\u00edfica, la arquitectura, la cocina, la gesti\u00f3n, la psicolog\u00eda, la literatura, el deporte, la pintura, el baile, el urbanismo, el canto, la pol\u00edtica, los idiomas extranjeros y la historia.<\/em><\/p>\n<p><strong style=\"font-size: revert; color: initial;\">Paolo Martinez,<\/strong><span style=\"font-size: revert; color: initial;\"> licenciado en Geograf\u00eda y Sociolog\u00eda por el Oxford Polytechnic, ha trabajado durante cuatro a\u00f1os en el sector de la construcci\u00f3n mar\u00edtima y las instalaciones en mar abierto y durante m\u00e1s de\u00a020 a\u00f1os en la creatividad y participaci\u00f3n aplicadas a la gesti\u00f3n de la innovaci\u00f3n, la transferencia de competencias tecnol\u00f3gicas y el desarrollo territorial. Como orquestador de procesos a la cabeza de la innovaci\u00f3n, a trav\u00e9s de la implementaci\u00f3n de t\u00e9cnicas y m\u00e9todos participativos y futuristas coordina y gestiona desde hace a\u00f1os numerosos proyectos en Italia y en el extranjero que le han sido encomendados por clientes p\u00fablicos y privados cuyos principales sectores son: gesti\u00f3n del dise\u00f1o, TIC, asesoramiento a gerentes, elaboraci\u00f3n de pol\u00edticas, sociedad de los saberes, capital intelectual, marketing territorial, planes estrat\u00e9gicos, patrimonio cultural, estrategias de empleo, concertaci\u00f3n, entornos laborales de colaboraci\u00f3n. Desde hace a\u00f1os tambi\u00e9n lleva a cabo trabajos de investigaci\u00f3n, escribe y colabora con centros de ense\u00f1anza universitaria y centros de investigaci\u00f3n nacionales e internacionales impartiendo clases sobre innovaci\u00f3n, participaci\u00f3n, prototipizaci\u00f3n r\u00e1pida y creatividad.\u00a0Paolo ha fundado The Future Center Alliance (Reino Unido), International Initiatives for Societal Innovation i2Si (Holanda) y como facilitador certificado del metodo Lego\u00ae Serious Play\u00ae, la Duck.Academy (Dinamarca).\u00a0Es miembro de la Royal Society of Arts (RSA), una organizaci\u00f3n brit\u00e1nica con sede en Londres comprometida a encontrar soluciones pr\u00e1cticas a problemas sociales globales, y es un miembro del New Club of Par\u00eds, una red internacional\u00a0que desarrolla agendas y estrategias para sociedades del conocimiento.<\/span><\/p>\n<p><strong>Ron Dvir<\/strong> (Ph.d) es un arquitecto de los procesos de innovaci\u00f3n abierta y de los Future Centers (Centros para el Futuro), especializado en la integraci\u00f3n de aspectos organisacionales, m\u00e9todologicos, f\u00edsicos, tecnol\u00f3gicos y financieros para crear sistemas inovadores eficaces. Ron ha co-dirigido y sirvi\u00f3 como jefe cient\u00edfico y arquitecto de sistema en varios grandes proyectos internacionales de investigaci\u00f3n, desarrollo e innovaci\u00f3n.\u00a0Es el editor del libro &#8220;OpenFutures &#8211; un sistema operativo para Future Centers &#8220;, y co-editor de varios libros y art\u00edculos sobre la innovaci\u00f3n disruptiva y la gesti\u00f3n de la innovaci\u00f3n.\u00a0Ron es un co-l\u00edder de la comunidad internacional de los Future Centers y miembro del New Club of Par\u00eds. Fund\u00f3 y dirige Innovation Ecology y ha sido el director de la gesti\u00f3n del conocimiento de ECI Telecom.\u00a0Colabora activamente con Futour en muchos proyectos y iniciativas internacionales.<br \/>\nEl ama compromisos interesantes donde hay retos importantes en el sector p\u00fablico y privado, con la magia de encontrar soluciones pr\u00e1cticas e innovadoras. Su pasi\u00f3n y arte es acerca de la creaci\u00f3n y el dise\u00f1o de obras de conocimiento (en forma de sitios web, libros y m\u00e1s), y pasar a su\u00a0tiempo libre montando sus bicicletas de monta\u00f1a vendimia Mantra Klein.<\/p>\n<p><strong>Simoon Fransen<\/strong> dise\u00f1a e implementa innovaciones culturales y tiene una dilatada experiencia en la facilitaci\u00f3n de procesos de cambio. Conoce y pone en pr\u00e1ctica con suma destreza muchas t\u00e9cnicas y herramientas participativas. En su patr\u00f3n de acci\u00f3n, el desarrollo organizativo va de la mano del desarrollo del liderazgo personal y la evoluci\u00f3n del equipo.\u00a0Es as\u00ed como es capaz de marcar la pauta de forma duradera, m\u00e1s all\u00e1 del mero recuerdo de un buen proceso participativo. Es capaz de identificar la esencia de las innovaciones y los cambios necesarios y de ampliar los horizontes a la vez que se eleva el nivel de las soluciones. Postula un enfoque sist\u00e9mico y es una amante de la naturaleza. Tal y como la ha descrito John P. \u00a0Milton: \u201ctrae su inspiraci\u00f3n creativa a los cambios basados en la naturaleza\u201d.\u00a0Ense\u00f1a a escuchar lo que no se ha dicho y a ver lo que es preciso que se vea. Mediante su trabajo y aprendiendo del futuro dinamiza y agiliza el cambio de rumbo necesario para identificar y encontrar soluci\u00f3n a los complejos desaf\u00edos que nos retan tanto en lo p\u00fablico como en lo privado. Sus rasgos principales a la hora de actuar son la apertura, el sosiego, el humorismo, el amor y la contundencia.<\/p>\n<p><strong>Matteo Baronti<\/strong> licenciado con matr\u00edcula de honor en disciplinas agro-industriales por la Universidad de Bologna, tiene una trayectoria de m\u00e1s de 10 a\u00f1os en el asesoramiento estrat\u00e9gico y organizativo en m\u00faltiples sectores de la producci\u00f3n entre los cuales el Alimentario, los Servicios dirigidos a las empresas e individuos y el Automovil\u00edstico. Ha estado a cargo de proyectos complejos de reorganizaci\u00f3n de empresa, definici\u00f3n de est\u00e1ndares cualitativos de producto y servicio, implementaci\u00f3n de sistemas de gesti\u00f3n de la seguridad alimentaria, reingenier\u00eda de procesos, dise\u00f1o e implementaci\u00f3n de sistemas de gesti\u00f3n de la Calidad. Junto a dicha actividad como asesor, tambi\u00e9n ha ejercido la actividad de auditor de segunda y tercera parte en DNV Italia durante aproximadamente 8 a\u00f1os y de formador gerencial durante alrededor de 10 a\u00f1os para diferentes entidades de formaci\u00f3n, entre ellas IFOA. Del a\u00f1o 2005 al 2007 ha ocupado el cargo de Director de Recursos Humanos y Organizaci\u00f3n en Ferrari GB, en Inglaterra. A partir de 2007 ha venido desarrollando su propio m\u00e9todo de apoyo al individuo que ha sido registrado bajo el nombre Coaching Percettivo\u00ae y re\u00fane su plurianual experiencia en la facilitaci\u00f3n de las relaciones en las empresas y sus estudios sobre los temas de la PNL, el Design Human Engineering y el Liderazgo.<\/p>\n<p><strong>Michele Coletti<\/strong> es Profesor Afiliado en Gesti\u00f3n de la Innovaci\u00f3n en la Escuela de Negocios de Grenoble, donde coordina la especializaci\u00f3n MBA en Management Consulting y la certificaci\u00f3n de Ejecutivos en Innovaci\u00f3n, Design Thinking y Intrapreneurship. Tambi\u00e9n trabaja como consultor de gesti\u00f3n y facilitador de talleres. Su investigaci\u00f3n se centra en los instrumentos y estrategias de innovaci\u00f3n colaborativa. Michele obtuvo un MBA en Consultoria de Estrategia en la Graduate School of Business de Grenoble y una Maestr\u00eda en Tecnolog\u00eda y Gesti\u00f3n de la Innovaci\u00f3n en la Universidad de Sussex SPRU.<\/p>\n<p><strong>Elisa Tachis<\/strong>, licenciada en ciencias econ\u00f3micas por el Instituto Ichec de Bruselas y en relaciones internacionales por la Universidad de Lovaina, adem\u00e1s de un m\u00e1ster en desarrollo y cooperaci\u00f3n internacional (Universidad de Bologna). Cuenta con una larga experiencia profesional en los \u00e1mbitos siguientes: Gerente de Comercio Exterior en la asociaci\u00f3n UE de la industria confitera con el cargo de representar los intereses del sector ante las instituciones europeas; elaboraci\u00f3n, redacci\u00f3n y gesti\u00f3n de proyectos nacionales y europeos en las vertientes de la direcci\u00f3n de empresa estrat\u00e9gica, creatividad e innovaci\u00f3n, desarrollo regional y cooperaci\u00f3n internacional; organizaci\u00f3n de cursos de formaci\u00f3n profesional. Asimismo, domina 4 idiomas tanto en lo escrito como en lo oral y tiene experiencia como ense\u00f1ante y traductora. Durante sus viajes como trotamundos en Am\u00e9rica Latina ha cultivado su gran afici\u00f3n a la naturaleza y, en especial, a la monta\u00f1a.<\/p>\n<p><strong>Cristina Raso <\/strong>es project manager y consultora especializada en investigaci\u00f3n de mercados, an\u00e1lisis de escenarios tecnol\u00f3gicos y servicios multicanal interactivos. Cristina tiene una gran experiencia en publicidad digital, Web 2.0 y redes sociales, comunicaci\u00f3n y marketing, estrategias de comercio electr\u00f3nico y convergencia digital. Cristina ha trabajado con varias empresas en diferentes sectores (finanzas, entretenimiento, gran distribuci\u00f3n, hosteler\u00eda) y sus actividades incluyen la\u00a0gesti\u00f3n de eventos, relaciones p\u00fablicas y comunicaci\u00f3n. Sus intereses profesionales est\u00e1n enfocados en ayudar a los directivos en la consecuci\u00f3n de sus objetivos de mejora de negocio; el apoyo al cliente en el dise\u00f1o de la estrategia integral de marketing, marketing digital y experiencia con el cliente.<\/p>\n<p><strong>Silvia Zummo<\/strong> lleva en su ADN la ambici\u00f3n de acercarse a grandes ideas, orquestar y realizar proyectos innovadores y revolucionarios. Detallista, emprendedora y activa en el desarrollo de los procesos laborales, compagina su natural y espont\u00e1nea capacidad de relacionarse con los dem\u00e1s con su continua b\u00fasqueda de la calidad y la innovaci\u00f3n en los procesos y contenidos. Durante\u00a0la carrera de Arquitectura cursada en la Universidad de Roma, ha empezado a buscar nuevos horizontes hasta que por fin ha llegado al sector de los eventos donde ha encontrado aquel espacio de imaginaci\u00f3n y creatividad que ven\u00eda buscando. Es as\u00ed como ha decidido fundar una asociaci\u00f3n cultural que obra en el territorio nacional comprometi\u00e9ndose con temas ambientales, energ\u00e9ticos, de los transportes y la seguridad vial. Tras esta experiencia, tambi\u00e9n ha creado una firma de comunicaci\u00f3n y en tanto que Project Manager ha implementado proyectos para organizaciones p\u00fablicas y privadas: empresas, instituciones, juntas municipales y provinciales y fundaciones. Cuenta con una experiencia plurianual en los diferentes \u00e1mbitos de la comunicaci\u00f3n de empresa y organizaci\u00f3n y gesti\u00f3n de eventos, habi\u00e9ndose especializado en dise\u00f1o integrado y gesti\u00f3n de equipos de trabajo, relaciones p\u00fablicas, acciones de marketing y desarrollo mercantil, relaciones e iniciativas de co-marketing con empresas, entidades e instituciones y partenariados y recaudaci\u00f3n de fondos.<\/p>\n<p><strong>Ana Mar\u00eda Sol\u00eds.<\/strong>\u00a0Consultora y docente en temas: Sostenibilidad, Agenda XXI cambio clim\u00e1ticos, Green economy, visi\u00f3n de g\u00e9nero. Experiencia en procesos de participaci\u00f3n y proyectaci\u00f3n, fondos y programas europeos (Life, IEE, PROGRESS, Interreg, Climate KIC, Erasmus+)en instituciones europeas e internacionales p\u00fablicas y privadas . Master en Economia non-profit y Cooperacion al Desarrollo (Universit\u00e1 degli Studi de Ferrara, Italia). Master en Planificaci\u00f3n Ambiental para el Desarrollo Urbano y metodolog\u00edas de promoci\u00f3n de la participaci\u00f3n (Universit\u00e1 degli Studi di Bologna, Italia). Especialista en gesti\u00f3n de redes de desarrollo sostenible (Ministero dell\u2019Ambiente e della Tutela del Territorio, Italia). Master en Ciencias Qu\u00edmicas y Ambientales (Universidad de Buenos Aires), Ingeniera qu\u00edmica y de procesos (Universit\u00e1degliStudi di Bologna), Ingeniera Industrial especialidad Qu\u00edmica (Universidad Nacional del Comahue, Argentina.). Tiene un certificado de Climate-KICde competencias como profesional pro-activa en acelerar procesos de hacia sociedades m\u00e1s sostenibles. Experiencia de 15 a\u00f1os de profesi\u00f3n en Am\u00e9rica Latina y otros 15 a\u00f1os en Europa. Habla correctamente italiano y el ingl\u00e9s y su lengua materna es espa\u00f1ol.<\/p>\n<p><strong>Alejandra Maria Bedoya Ossa<\/strong>. Su vocaci\u00f3n por el servicio le ha permitido investigar en la forma de llevar el conocimiento de una forma divertida a las aulas, para incentivar el gusto por las matem\u00e1ticas, para que el proceso de aprendizaje sea din\u00e1mico y participativo. Es Ingeniera Industrial y Mag\u00edster en Ingenier\u00eda, en las \u00e1reas de la gesti\u00f3n tecnol\u00f3gica y de la innovaci\u00f3n, ha trabajado en la planeaci\u00f3n estrat\u00e9gica de varios centros de investigaci\u00f3n y desarrollo de la ciudad de Medell\u00edn y ha tenido la oportunidad de participar en proyectos de creaci\u00f3n de capacidades para las empresas Antioque\u00f1as y del Caribe con apoyo de la Corporaci\u00f3n Ruta N (Centro de Innovaci\u00f3n y Negocios de Medell\u00edn), Confecamaras (Confederaci\u00f3n Colombiana de C\u00e1maras de Comercio \u00a0de Colombia) y la Universidad Polit\u00e9cnica de Valencia &#8211; Espa\u00f1a, en temas de Gesti\u00f3n de la Innovaci\u00f3n, Vigilancia Tecnol\u00f3gica e Inteligencia Competitiva. Las herramientas que utiliza para liderar proyectos est\u00e1n basadas en t\u00e9cnicas de co-creaci\u00f3n y el aprovechamiento del conocimiento colectivo para incentivar el trabajo en equipo. Actualmente trabaja como asesora y consultora en la implementaci\u00f3n de sistemas integrados de gesti\u00f3n de la innovaci\u00f3n, transferencia de conocimiento en el \u00e1rea de innovaci\u00f3n, gesti\u00f3n tecnol\u00f3gica, emprendimiento y desarrollo territorial en Latinoam\u00e9rica.<\/p>\n<p><strong>Manuele Bellonzi<\/strong> es un jurista, con veinte a\u00f1os de experiencia en el \u00e1mbito de la defensa civil y la mediaci\u00f3n en la administraci\u00f3n p\u00fablica. Ha trabajado en la investigaci\u00f3n, la formaci\u00f3n en gesti\u00f3n y derecho de la salud en Italia y en el extranjero, prestando especial atenci\u00f3n a las zonas de riesgo cl\u00ednico, la comunicaci\u00f3n y la relaci\u00f3n m\u00e9dico-paciente, la bio\u00e9tica y la bio-ley. Durante varios a\u00f1os se ha desarrollado una experiencia espec\u00edfica en la din\u00e1mica del conflicto en el servicio de salud p\u00fablica, la experiencia pr\u00e1ctica como presidente de las comisiones mixtas de conciliaci\u00f3n en las organizaciones de salud p\u00fablica Toscana. Ha sido tambi\u00e9n trabajando en proyectos de de investigaci\u00f3n relacionados con el bienestar del lugar de trabajo y el clima organizacional interno positivo. Manuel ha tenido cargos de ense\u00f1anza en los campos de investigaci\u00f3n que sono Stati cualquier llev\u00f3 a cabo durante la Scuola Superiore Sant&#8217;Anna de Pisa y Universidades de Pisa, Mil\u00e1n (Italia), Par\u00eds Descartes (Francia), Marrakech (Marruecos), y Neuch\u00e2tel (Suiza).<\/p>\n<p><strong>Expertos y co-protagonistas de la multidisciplinariedad y la innovaci\u00f3n<\/strong><\/p>\n<p>Ron Dvir (Israel), Andrea Giolitti (Italia), Francesca Mazzocchi (Italia), Hank Kune (Pa\u00edses Bajos), Michele Coletti (Italia), Thekla Schneede (Suecia), Valentina Piersanti (Italia), Gabriella Rossi Crespi (Italia), Lucia Cadore (Italia), Lars Karlsson (Austria), Stasys Bielinis (Lituania), Carlo Adinolfi (EEUU),\u00a0Rob Bilderbeek (Holanda), Gloria Ceccherini (Panam\u00e1), Simoon Fransen (Holanda).<\/p>\n<p><img loading=\"lazy\" decoding=\"async\" class=\"aligncenter size-full wp-image-87\" title=\"experts\" src=\"https:\/\/futour.it\/futour\/wp-content\/uploads\/2009\/01\/experts.jpg\" alt=\"experts\" width=\"661\" height=\"495\" \/><\/p>\n","protected":false},"excerpt":{"rendered":"<p>Los expertos del equipo de FUTOUR\u00a0pueden presumir de una experiencia de m\u00e1s de veinte a\u00f1os en el dise\u00f1o participativo y el estudio y divulgaci\u00f3n de&#8230;<\/p>\n","protected":false},"author":1,"featured_media":0,"parent":0,"menu_order":0,"comment_status":"closed","ping_status":"closed","template":"","meta":{"_monsterinsights_skip_tracking":false,"_monsterinsights_sitenote_active":false,"_monsterinsights_sitenote_note":"","_monsterinsights_sitenote_category":0,"footnotes":""},"class_list":["post-16","page","type-page","status-publish","hentry"],"_links":{"self":[{"href":"https:\/\/futour.it\/spagnolo\/wp-json\/wp\/v2\/pages\/16","targetHints":{"allow":["GET"]}}],"collection":[{"href":"https:\/\/futour.it\/spagnolo\/wp-json\/wp\/v2\/pages"}],"about":[{"href":"https:\/\/futour.it\/spagnolo\/wp-json\/wp\/v2\/types\/page"}],"author":[{"embeddable":true,"href":"https:\/\/futour.it\/spagnolo\/wp-json\/wp\/v2\/users\/1"}],"replies":[{"embeddable":true,"href":"https:\/\/futour.it\/spagnolo\/wp-json\/wp\/v2\/comments?post=16"}],"version-history":[{"count":9,"href":"https:\/\/futour.it\/spagnolo\/wp-json\/wp\/v2\/pages\/16\/revisions"}],"predecessor-version":[{"id":282,"href":"https:\/\/futour.it\/spagnolo\/wp-json\/wp\/v2\/pages\/16\/revisions\/282"}],"wp:attachment":[{"href":"https:\/\/futour.it\/spagnolo\/wp-json\/wp\/v2\/media?parent=16"}],"curies":[{"name":"wp","href":"https:\/\/api.w.org\/{rel}","templated":true}]}}