{"id":12,"date":"2014-12-09T13:53:19","date_gmt":"2014-12-09T12:53:19","guid":{"rendered":"https:\/\/futour.it\/spagnolo\/?page_id=12"},"modified":"2016-07-27T15:03:59","modified_gmt":"2016-07-27T13:03:59","slug":"soluciones","status":"publish","type":"page","link":"https:\/\/futour.it\/spagnolo\/soluciones\/","title":{"rendered":"M\u00c9TODOS Y HERRAMIENTAS"},"content":{"rendered":"<p class=\"MsoPlainText\"><a href=\"https:\/\/futour.it\/futour\/wp-content\/uploads\/2009\/01\/strategy.png\"><img loading=\"lazy\" decoding=\"async\" class=\"wp-image-711 alignleft\" src=\"https:\/\/futour.it\/futour\/wp-content\/uploads\/2009\/01\/strategy-212x300.png\" alt=\"\" width=\"140\" height=\"178\" \/><\/a><span style=\"color: #ff0000;\"><strong>FUTOUR <strong>emplea, dise\u00f1a, modifica y crea metodolog\u00edas, t\u00e9cnicas y herramientas para impulsar la creatividad y la innovaci\u00f3n, entre ellas:<\/strong><\/strong><\/span><\/p>\n<table border=\"0\" width=\"652\" cellspacing=\"0\" cellpadding=\"0\">\n<tbody>\n<tr>\n<td valign=\"top\" width=\"217\">\n<p align=\"left\"><span style=\"color: #000000;\">MODI&#8217; Mosaico Digitale<\/span><\/p>\n<p align=\"left\"><span style=\"color: #000000;\">LEGO\u00ae SERIOUS PLAY\u00ae<\/span><\/p>\n<p align=\"left\"><span style=\"color: #000000;\">Open Space Technology<\/span><\/p>\n<p align=\"left\"><span style=\"color: #000000;\">EASW European Awareness Scenario Workshop<\/span><\/p>\n<p><span style=\"color: #000000;\">GOPP Goal Oriented Project Planning \u2013 Planificaci\u00f3n de proyectos orientada a los objetivos<\/span><\/p>\n<p><span style=\"color: #000000;\">PCM Project Cycle Management and Vision Plan \u2013 Gesti\u00f3n del ciclo del Proyecto y Plan de desarrollo de la visi\u00f3n<\/span><\/p>\n<p align=\"left\"><span style=\"color: #000000;\">Knowledge Safari<\/span><\/p>\n<p align=\"left\"><span style=\"color: #000000;\">Knowledge Caf\u00e8<\/span><\/p>\n<p><span style=\"color: #000000;\">Connective Intelligence Workshop \u2013 Talleres de inteligencia conectiva<\/span><\/p>\n<p><span style=\"color: #000000;\">Prototipizaci\u00f3n r\u00e1pida<\/span><\/td>\n<td valign=\"top\" width=\"217\">\n<p align=\"left\"><span style=\"color: #000000;\">T\u00e9cnicas de fomento de la creatividad (ej. Philipps 66, Seis sombreros para pensar, Wishful Thinking- Pensamiento positivo)<\/span><\/p>\n<p align=\"left\"><span style=\"color: #000000;\">Project House (Country House FC)<\/span><\/p>\n<p><span style=\"color: #000000;\">Change and improvement workshop \u2013 Talleres sobre introducci\u00f3n de cambios y mejoras<\/span><\/p>\n<p><span style=\"color: #000000;\">Town Meeting \u2013 Asambleas ciudadanas<\/span><\/p>\n<p><span style=\"color: #000000;\">Focus Group &#8211; Grupos de enfoque<\/span><\/p>\n<p><span style=\"color: #000000;\">Deliberative polling \u2013 Encuestas deliberativas<\/span><\/p>\n<p><span style=\"color: #000000;\">Appreciative Enquiry \u2013 Indagaci\u00f3n apreciativa<\/span><\/p>\n<p><span style=\"color: #000000;\">Brainstorming \u2013 Tormenta de ideas<\/span><\/td>\n<td valign=\"top\" width=\"217\"><span style=\"color: #000000;\">Key concept exercise \u2013 Pr\u00e1ctica sobre<\/span><\/p>\n<p><span style=\"color: #000000;\">Consensus conference \u2013 Conferencia de consenso<\/span><span style=\"color: #000000;\">Talleres seg\u00fan el m\u00e9todo Future Search<\/span><\/p>\n<p><span style=\"color: #000000;\">ToP Technology of Participation \u2013 Tecnolog\u00eda de la participaci\u00f3n<\/span><\/p>\n<p><span style=\"color: #000000;\">Reversal \u2013 T\u00e9cnica de la inversi\u00f3n de suposiciones y problemas<\/span><\/p>\n<p align=\"left\"><span style=\"color: #000000;\">Grupos de estudio sobre investigaci\u00f3n y mejoras<\/span><\/p>\n<\/td>\n<\/tr>\n<\/tbody>\n<\/table>\n","protected":false},"excerpt":{"rendered":"<p>FUTOUR emplea, dise\u00f1a, modifica y crea metodolog\u00edas, t\u00e9cnicas y herramientas para impulsar la creatividad y la innovaci\u00f3n, entre ellas: MODI&#8217; Mosaico Digitale LEGO\u00ae SERIOUS PLAY\u00ae&#8230;<\/p>\n","protected":false},"author":1,"featured_media":0,"parent":0,"menu_order":0,"comment_status":"closed","ping_status":"closed","template":"","meta":{"_monsterinsights_skip_tracking":false,"_monsterinsights_sitenote_active":false,"_monsterinsights_sitenote_note":"","_monsterinsights_sitenote_category":0,"footnotes":""},"class_list":["post-12","page","type-page","status-publish","hentry"],"_links":{"self":[{"href":"https:\/\/futour.it\/spagnolo\/wp-json\/wp\/v2\/pages\/12","targetHints":{"allow":["GET"]}}],"collection":[{"href":"https:\/\/futour.it\/spagnolo\/wp-json\/wp\/v2\/pages"}],"about":[{"href":"https:\/\/futour.it\/spagnolo\/wp-json\/wp\/v2\/types\/page"}],"author":[{"embeddable":true,"href":"https:\/\/futour.it\/spagnolo\/wp-json\/wp\/v2\/users\/1"}],"replies":[{"embeddable":true,"href":"https:\/\/futour.it\/spagnolo\/wp-json\/wp\/v2\/comments?post=12"}],"version-history":[{"count":10,"href":"https:\/\/futour.it\/spagnolo\/wp-json\/wp\/v2\/pages\/12\/revisions"}],"predecessor-version":[{"id":189,"href":"https:\/\/futour.it\/spagnolo\/wp-json\/wp\/v2\/pages\/12\/revisions\/189"}],"wp:attachment":[{"href":"https:\/\/futour.it\/spagnolo\/wp-json\/wp\/v2\/media?parent=12"}],"curies":[{"name":"wp","href":"https:\/\/api.w.org\/{rel}","templated":true}]}}