{"id":10,"date":"2014-12-09T13:52:55","date_gmt":"2014-12-09T12:52:55","guid":{"rendered":"https:\/\/futour.it\/spagnolo\/?page_id=10"},"modified":"2015-06-25T14:05:31","modified_gmt":"2015-06-25T12:05:31","slug":"futour-es","status":"publish","type":"page","link":"https:\/\/futour.it\/spagnolo\/futour-es\/","title":{"rendered":"QU\u00c9 ES FUTOUR"},"content":{"rendered":"<p><strong><a href=\"https:\/\/futour.it\/futour\/wp-content\/uploads\/2014\/12\/mongolfiera1.png\"><img loading=\"lazy\" decoding=\"async\" class=\"size-medium wp-image-702 alignleft\" src=\"https:\/\/futour.it\/futour\/wp-content\/uploads\/2014\/12\/mongolfiera1-214x300.png\" alt=\"mongolfiera\" width=\"214\" height=\"300\" \/><\/a><\/strong><strong>Quien siembra creatividad e innovaci\u00f3n recoge futuro<\/strong><\/p>\n<p>FUTOUR es una sociedad de innovaci\u00f3n que emplea m\u00e9todos de dise\u00f1o participativos para ayudar a organizaciones p\u00fablicas y privadas a crear, innovar, crecer, reforzar sus capacidades, alumbrar nuevas oportunidades y forjar el futuro de manera eficaz y sostenible. FUTOUR est\u00e1 especializada en la soluci\u00f3n de problemas y la prototipizaci\u00f3n r\u00e1pida de productos, procesos, servicios, decisiones, estrategias y pol\u00edticas. Apoya a los individuos y las organizaciones mediante t\u00e9cnicas que fomentan la creatividad, un dise\u00f1o centrado en el usuario y m\u00e9todos participativos involucradores y de elevado nivel desarrollados junto a los m\u00e1s avanzados aceleradores de innovaci\u00f3n, Future Center y Living Lab. FUTOUR es el primer Future Center m\u00f3vil y global y coordina proyectos y programas con una amplia red de facilitadores y asesores en procesos. A lo largo de los a\u00f1os miles de sujetos interesados y decisores clave se han sumado a nuestros talleres de dise\u00f1o participativo. Es as\u00ed como hemos ayudado a organizaciones, territorios y la sociedad en su conjunto a estar prestos para los retos futuros al crear espacios de colaboraci\u00f3n que refuercen los procesos creativos y conviertan las ideas en acciones. Nuestro lema es Di\u00e1logo y Liderazgo. FUTOUR cree firmemente en que en su enfoque innovador y sist\u00e9mico se halla la promesa de respuestas sostenibles a los complejos temas contempor\u00e1neos. En palabras de Einstein, \u201clos problemas no pueden resolverse en el mismo nivel de pensamiento en que fueron generados\u201d.<br \/>\nFUTOUR re\u00fane los \u00e1mbitos siguientes:<\/p>\n<ul>\n<li>METODOL\u00d3GICO: dise\u00f1o de citas y entornos en que los usuarios trabajan en sus proyectos con el apoyo de un equipo de profesionales dedicados y aplicando las mejores pr\u00e1cticas en procedimientos y metodolog\u00edas para la elaboraci\u00f3n, creaci\u00f3n, formulaci\u00f3n, an\u00e1lisis y formalizaci\u00f3n de las ideas. Futour emplea y aplica m\u00e9todos y herramientas innovadores para solventar problemas y confeccionar estrategias, productos, servicios y pol\u00edticas (EASW, GOPP, OST, Asambleas ciudadanas electr\u00f3nicas, Grupos de enfoque, Knowledge Safari y Caf\u00e9, Prototipizaci\u00f3n R\u00e1pida).<\/li>\n<li><img loading=\"lazy\" decoding=\"async\" class=\"alignright size-thumbnail wp-image-143\" title=\"star\" src=\"https:\/\/futour.it\/futour\/wp-content\/uploads\/2009\/01\/star-150x150.jpg\" alt=\"star\" width=\"70\" height=\"70\" \/>RELACIONAL: elaboraci\u00f3n de estudios sobre los sistemas que favorecen las relaciones, la interacci\u00f3n y colaboraci\u00f3n entre usuarios y\/o centros de excelencia y sistemas territoriales por medio de la construcci\u00f3n de redes encaminadas a la puesta en com\u00fan e intercambio de visiones de futuro e inspiraciones. Los plurianuales contactos y experiencias internacionales de los socios de FUTOUR enriquecen aun m\u00e1s su capital relacional.<\/li>\n<li><img loading=\"lazy\" decoding=\"async\" class=\"alignright size-thumbnail wp-image-146\" title=\"happynesspavillion\" src=\"https:\/\/futour.it\/futour\/wp-content\/uploads\/2009\/01\/happynesspavillion-150x150.jpg\" alt=\"happynesspavillion\" width=\"74\" height=\"74\" \/>F\u00cdSICO: asesoramiento sobre espacios f\u00edsicos dedicados, con soluciones de dise\u00f1o, distribuci\u00f3n funcional, materiales de construcci\u00f3n, luz, olores, sonidos y mobiliario estudiados para favorecer el desarrollo de las habilidades creativas y actitudes colaboradoras.\u00a0FUTOUR ofrece soluciones flexibles al proporcionar servicios tanto para proyectos itinerantes como fijos, y para peque\u00f1os y grandes acontecimientos en la sede del cliente o en otras sedes de prestigio. Nuestro equipo se desplaza como una estrella de mar, llevando m\u00e9todos y herramientas a los lugares donde se encaran y solucionan los problemas y adaptando los espacios a las exigencias de los procesos creativos.<\/li>\n<li>TECNOL\u00d3GICO: tecnolog\u00edas y contenidos TIC capaces de apoyar a los usuarios en la realizaci\u00f3n de talleres de innovaci\u00f3n co-creativa (Mosaico Digital, plataformas de exploraci\u00f3n de contenidos\/conocimientos, hiperconectividad, tormenta de ideas electr\u00f3nica, realidad virtual). A trav\u00e9s de las tecnolog\u00edas, FUTOUR agiliza\u00a0las etapas de facilitaci\u00f3n, recopilaci\u00f3n de contenidos y decisi\u00f3n estrat\u00e9gica.<\/li>\n<\/ul>\n<p>Los talleres participativos dise\u00f1ados por FUTOUR:<\/p>\n<ul>\n<li>Ponen al individuo, el usuario y el destinatario en el coraz\u00f3n del proceso de innovaci\u00f3n y dise\u00f1o.<\/li>\n<li>Agilizan los procesos decisorios, de puesta en com\u00fan y creaci\u00f3n de saberes.<\/li>\n<li>Fomentan la participaci\u00f3n y el dise\u00f1o conjunto para la implementaci\u00f3n de proyectos de desarrollo e innovaci\u00f3n sist\u00e9mica.<\/li>\n<li>Articulan proyectos innovadores haciendo aflorar puntos de vista diferentes y buenas pr\u00e1cticas a fin de conseguir resultados s\u00f3lidos y sostenibles.<\/li>\n<li>Dan vida a caminos y proyectos que redundan en beneficios y son congruentes con los tiempos, las estrategias y las elecciones operativas.<\/li>\n<li>Conciencian y animan a consensuar ideas y pautas con vistas a proyectos futuros como aporte al proceso de innovaci\u00f3n y competitividad sist\u00e9mica en lo local y regional.<\/li>\n<li>Vigorizan en t\u00e9rminos proped\u00e9uticos y metodol\u00f3gicos las actividades de los equipos de trabajo tem\u00e1ticos.<\/li>\n<li>Mejoran el nivel de involucraci\u00f3n, la imaginaci\u00f3n, la creatividad y lo concreto de los planteamientos de los participantes.<\/li>\n<\/ul>\n<p>Para hacerse part\u00edcipes de las emociones y conocer los resultados de los talleres celebrados por FUTOUR consulten la \u00a0<a href=\"http:\/\/www.flickr.com\/photos\/ideai\/sets\/\">galer\u00eda fotogr\u00e1fica<\/a>.<\/p>\n","protected":false},"excerpt":{"rendered":"<p>Quien siembra creatividad e innovaci\u00f3n recoge futuro FUTOUR es una sociedad de innovaci\u00f3n que emplea m\u00e9todos de dise\u00f1o participativos para ayudar a organizaciones p\u00fablicas y&#8230;<\/p>\n","protected":false},"author":1,"featured_media":0,"parent":0,"menu_order":0,"comment_status":"closed","ping_status":"closed","template":"","meta":{"_monsterinsights_skip_tracking":false,"_monsterinsights_sitenote_active":false,"_monsterinsights_sitenote_note":"","_monsterinsights_sitenote_category":0,"footnotes":""},"class_list":["post-10","page","type-page","status-publish","hentry"],"_links":{"self":[{"href":"https:\/\/futour.it\/spagnolo\/wp-json\/wp\/v2\/pages\/10","targetHints":{"allow":["GET"]}}],"collection":[{"href":"https:\/\/futour.it\/spagnolo\/wp-json\/wp\/v2\/pages"}],"about":[{"href":"https:\/\/futour.it\/spagnolo\/wp-json\/wp\/v2\/types\/page"}],"author":[{"embeddable":true,"href":"https:\/\/futour.it\/spagnolo\/wp-json\/wp\/v2\/users\/1"}],"replies":[{"embeddable":true,"href":"https:\/\/futour.it\/spagnolo\/wp-json\/wp\/v2\/comments?post=10"}],"version-history":[{"count":4,"href":"https:\/\/futour.it\/spagnolo\/wp-json\/wp\/v2\/pages\/10\/revisions"}],"predecessor-version":[{"id":71,"href":"https:\/\/futour.it\/spagnolo\/wp-json\/wp\/v2\/pages\/10\/revisions\/71"}],"wp:attachment":[{"href":"https:\/\/futour.it\/spagnolo\/wp-json\/wp\/v2\/media?parent=10"}],"curies":[{"name":"wp","href":"https:\/\/api.w.org\/{rel}","templated":true}]}}