{"id":41,"date":"2009-01-08T19:08:02","date_gmt":"2009-01-08T18:08:02","guid":{"rendered":"https:\/\/futour.it\/futour\/?page_id=41"},"modified":"2022-07-24T15:54:17","modified_gmt":"2022-07-24T14:54:17","slug":"cose-futour","status":"publish","type":"page","link":"https:\/\/futour.it\/futour\/cose-futour\/","title":{"rendered":"FUTOUR \u00c8"},"content":{"rendered":"<p><strong>C<a href=\"https:\/\/futour.it\/futour\/wp-content\/uploads\/2014\/12\/mongolfiera1.png\"><img loading=\"lazy\" class=\"size-medium wp-image-702 alignleft\" src=\"https:\/\/futour.it\/futour\/wp-content\/uploads\/2014\/12\/mongolfiera1-214x300.png\" alt=\"mongolfiera\" width=\"214\" height=\"300\" srcset=\"https:\/\/futour.it\/futour\/wp-content\/uploads\/2014\/12\/mongolfiera1-214x300.png 214w, https:\/\/futour.it\/futour\/wp-content\/uploads\/2014\/12\/mongolfiera1.png 283w\" sizes=\"(max-width: 214px) 100vw, 214px\" \/><\/a>hi semina creativit\u00e0\u00a0 e innovazione raccoglie futuro<\/strong><\/p>\n<p>FUTOUR \u00e8 una societ\u00e0 di innovazione che usa metodi di design partecipativi per assistere organizzazioni pubbliche e private a creare, innovare, crescere, rafforzare le capacit\u00e0, generare nuove opportunit\u00e0\u00a0 e plasmare il futuro in maniera efficace e sostenibile. FUTOUR \u00e8 specializzata nella risoluzione di problemi e nella prototipazione rapida di prodotti, processi, servizi, decisioni, strategie e politiche. Facilita le persone e le organizzazioni attraverso tecniche per la creativit\u00e0, un design centrato sull&#8217;utente e metodi partecipativi coinvolgenti e di alto livello, sviluppati con i pi\u00f9 avanzati acceleratori d&#8217;innovazione, Future Center e Living Lab. FUTOUR \u00e8 il primo Future Center mobile e globale, e coordina progetti e programmi con una vasta rete di facilitatori e consulenti di processo. Negli anni migliaia di stakeholder e decisori chiave sono stati coinvolti in workshop di design partecipativo, aiutando organizzazioni, territori e la societ\u00e0 a prepararsi alle sfide future, creando spazi collaborativi che rafforzano i processi creativi e trasformano idee in azioni. Dialogo e leadership sono le parole chiave. FUTOUR crede fermamente che nel suo approccio innovativo e sistemico ci sia la promessa di risposte sostenibili per le complesse questioni contemporanee: come Einstein ha detto, &#8220;i problemi non possono essere risolti allo stesso livello di pensiero che li ha generati&#8221;.<br \/>\nFUTOUR integra le seguenti dimensioni:<\/p>\n<ul>\n<li>METODOLOGICA: progettazione di incontri e luoghi nei quali, supportati da un staff dedicato, gli utenti lavorano ai propri progetti applicando procedure e metodologie best practice di visione, creazione, formulazione, analisi e formalizzazione delle idee. FUTOUR utilizza e applica metodi e strumenti innovativi per risolvere problemi ed elaborare strategie, prodotti, servizi e policies (EASW, GOPP, OST, Electronic Town Meeting, Focus Group, Knowledge Safari e Caf\u00e8, Fast Prototyping).<\/li>\n<li><img loading=\"lazy\" class=\"alignright size-thumbnail wp-image-143\" title=\"star\" src=\"https:\/\/futour.it\/futour\/wp-content\/uploads\/2009\/01\/star-150x150.jpg\" alt=\"star\" width=\"70\" height=\"70\" \/>RELAZIONALE: elaborazione di studi sui sistemi che privilegiano le relazioni, l&#8217;interazione e collaborazione tra gli utenti e\/o centri di eccellenza e sistemi territoriali attraverso organizzazione di reti finalizzate di vision e inspiration sharing. I contatti e le esperienze pluriennali ed internazionali dei partner di FUTOUR ne rafforzano il capitale relazionale.<\/li>\n<li>FISICA: consulenza su luoghi fisici dedicati, con soluzioni di design, distribuzioni funzionali, materiali costruttivi, luce, odori, suoni, arredi, studiati per favorire lo sviluppo delle attitudini creative e collaborative. FUTOUR fornisce soluzioni di flessibilit\u00e0 attraverso servizi per\u00a0 progetti dinamici e stanziali, piccoli e grandi eventi, luoghi del committente e location di prestigio. Il nostro team si sposta come una stella marina, portando metodi e strumenti nei luoghi dove si affrontano e risolvono i problemi adeguando gli spazi alle esigenze dei processi creativi.<\/li>\n<li><img loading=\"lazy\" class=\"alignright size-thumbnail wp-image-146\" title=\"happynesspavillion\" src=\"https:\/\/futour.it\/futour\/wp-content\/uploads\/2009\/01\/happynesspavillion-150x150.jpg\" alt=\"happynesspavillion\" width=\"74\" height=\"74\" srcset=\"https:\/\/futour.it\/futour\/wp-content\/uploads\/2009\/01\/happynesspavillion-150x150.jpg 150w, https:\/\/futour.it\/futour\/wp-content\/uploads\/2009\/01\/happynesspavillion-297x300.jpg 297w, https:\/\/futour.it\/futour\/wp-content\/uploads\/2009\/01\/happynesspavillion.jpg 1002w\" sizes=\"(max-width: 74px) 100vw, 74px\" \/>TECNOLOGICA: tecnologie e contenuti ICT in grado di supportare gli utenti nello svolgimento di workshop di innovazione co-creativa (Mosaico Digitale, content\/knowledge mining platforms, hyper-connectivity, electronic brainstorming, virtual reality). Con l&#8217;utilizzo delle tecnologie FUTOUR accelera le fasi di facilitazione, di raccolta dei contenuti e di decisione strategica.<\/li>\n<\/ul>\n<p>I workshop partecipativi progettati da FUTOUR:<\/p>\n<ul>\n<li>Mettono la persona, l&#8217;utente e il fruitore al centro del processo di innovazione e design.<\/li>\n<li>Accelerano i processi decisionali, di condivisione e creazione della conoscenza.<\/li>\n<li>Stimolano la partecipazione e progettazione condivisa sull&#8217;attivazione di progetti di sviluppo e innovazione sistemica.<\/li>\n<li>Elaborano progetti innovativi facendo emergere i diversi punti di vista e le migliori pratiche per creare risultati solidi e sostenibili.<\/li>\n<li>Creano percorsi e progetti che generano benefici e sono coerenti con tempi, strategie e percorsi operativi.<\/li>\n<li>Sensibilizzano e sollecitano idee e indicazioni concertate per futuri progetti come contributo al processo d&#8217;innovazione e competitivit\u00e0 sistemica locale e regionale.<\/li>\n<li>Rafforzano in modo propedeutico e metodologico le attivit\u00e0 dei gruppi di lavoro tematici.<\/li>\n<li>Migliorano il coinvolgimento, la fantasia, la creativit\u00e0 e la concretezza dei partecipanti.<\/li>\n<\/ul>\n<p>Per partecipare alle emozioni e risultati dei workshop organizzati da FUTOUR potete consultare<a href=\"http:\/\/www.flickr.com\/photos\/ideai\/sets\/\"> l&#8217;album fotografico<\/a>.<\/p>\n","protected":false},"excerpt":{"rendered":"<p>Chi semina creativit\u00e0\u00a0 e innovazione raccoglie futuro FUTOUR \u00e8 una [&hellip;]<\/p>\n","protected":false},"author":1,"featured_media":0,"parent":0,"menu_order":2,"comment_status":"closed","ping_status":"closed","template":"","meta":{"_monsterinsights_skip_tracking":false,"_monsterinsights_sitenote_active":false,"_monsterinsights_sitenote_note":"","_monsterinsights_sitenote_category":0},"_links":{"self":[{"href":"https:\/\/futour.it\/futour\/wp-json\/wp\/v2\/pages\/41"}],"collection":[{"href":"https:\/\/futour.it\/futour\/wp-json\/wp\/v2\/pages"}],"about":[{"href":"https:\/\/futour.it\/futour\/wp-json\/wp\/v2\/types\/page"}],"author":[{"embeddable":true,"href":"https:\/\/futour.it\/futour\/wp-json\/wp\/v2\/users\/1"}],"replies":[{"embeddable":true,"href":"https:\/\/futour.it\/futour\/wp-json\/wp\/v2\/comments?post=41"}],"version-history":[{"count":21,"href":"https:\/\/futour.it\/futour\/wp-json\/wp\/v2\/pages\/41\/revisions"}],"predecessor-version":[{"id":959,"href":"https:\/\/futour.it\/futour\/wp-json\/wp\/v2\/pages\/41\/revisions\/959"}],"wp:attachment":[{"href":"https:\/\/futour.it\/futour\/wp-json\/wp\/v2\/media?parent=41"}],"curies":[{"name":"wp","href":"https:\/\/api.w.org\/{rel}","templated":true}]}}